{"id":5070,"date":"2023-01-18T09:45:18","date_gmt":"2023-01-18T14:45:18","guid":{"rendered":"https:\/\/simon-pagenaud.com\/confirmation-inscription\/"},"modified":"2023-01-18T09:45:18","modified_gmt":"2023-01-18T14:45:18","slug":"confirmation-inscription","status":"publish","type":"page","link":"https:\/\/simon-pagenaud.com\/fr\/confirmation-inscription\/","title":{"rendered":"Confirmation inscription"},"content":{"rendered":"<p>[et_pb_section fb_built=\u00a0\u00bb1&Prime; admin_label=\u00a0\u00bbsection\u00a0\u00bb _builder_version=\u00a0\u00bb4.19.4&Prime; background_enable_pattern_style=\u00a0\u00bbon\u00a0\u00bb background_pattern_style=\u00a0\u00bbsmiles\u00a0\u00bb background_pattern_color=\u00a0\u00bbrgba(0,0,0,0.05)\u00a0\u00bb global_colors_info=\u00a0\u00bb{}\u00a0\u00bb][et_pb_row admin_label=\u00a0\u00bbrow\u00a0\u00bb _builder_version=\u00a0\u00bb4.16&Prime; background_size=\u00a0\u00bbinitial\u00a0\u00bb background_position=\u00a0\u00bbtop_left\u00a0\u00bb background_repeat=\u00a0\u00bbrepeat\u00a0\u00bb global_colors_info=\u00a0\u00bb{}\u00a0\u00bb][et_pb_column type=\u00a0\u00bb4_4&Prime; _builder_version=\u00a0\u00bb4.16&Prime; custom_padding=\u00a0\u00bb|||\u00a0\u00bb global_colors_info=\u00a0\u00bb{}\u00a0\u00bb custom_padding__hover=\u00a0\u00bb|||\u00a0\u00bb][et_pb_text _builder_version=\u00a0\u00bb4.19.4&Prime; _module_preset=\u00a0\u00bbdefault\u00a0\u00bb text_font_size=\u00a0\u00bb21px\u00a0\u00bb header_font=\u00a0\u00bb|700|||||||\u00a0\u00bb header_2_font=\u00a0\u00bb|700|||||||\u00a0\u00bb header_2_font_size=\u00a0\u00bb34px\u00a0\u00bb text_orientation=\u00a0\u00bbcenter\u00a0\u00bb hover_enabled=\u00a0\u00bb0&Prime; global_colors_info=\u00a0\u00bb{}\u00a0\u00bb module_alignment=\u00a0\u00bbcenter\u00a0\u00bb header_2_letter_spacing=\u00a0\u00bb2px\u00a0\u00bb header_2_line_height=\u00a0\u00bb1.6em\u00a0\u00bb sticky_enabled=\u00a0\u00bb0&Prime; header_3_font=\u00a0\u00bb|600|||||||\u00a0\u00bb header_3_font_size=\u00a0\u00bb25px\u00a0\u00bb]<\/p>\n<h2>F\u00e9licitations !<\/h2>\n<h3>Vous \u00eates maintenant un membre officiel de l&rsquo;\u00e9quipe de Simon.<\/h3>\n<p>[\/et_pb_text][et_pb_icon font_icon=\u00a0\u00bb&#xf0e0;||fa||900&Prime; icon_width=\u00a0\u00bb170px\u00a0\u00bb _builder_version=\u00a0\u00bb4.19.4&Prime; _module_preset=\u00a0\u00bbdefault\u00a0\u00bb global_colors_info=\u00a0\u00bb{}\u00a0\u00bb][\/et_pb_icon][\/et_pb_column][\/et_pb_row][\/et_pb_section]<\/p>\n","protected":false},"excerpt":{"rendered":"<p>F\u00e9licitations ! Vous \u00eates maintenant un membre officiel de l&rsquo;\u00e9quipe de Simon.<\/p>\n","protected":false},"author":1,"featured_media":0,"parent":0,"menu_order":0,"comment_status":"closed","ping_status":"closed","template":"","meta":{"_et_pb_use_builder":"on","_et_pb_old_content":"","_et_gb_content_width":"","footnotes":""},"class_list":["post-5070","page","type-page","status-publish","hentry"],"_links":{"self":[{"href":"https:\/\/simon-pagenaud.com\/fr\/wp-json\/wp\/v2\/pages\/5070","targetHints":{"allow":["GET"]}}],"collection":[{"href":"https:\/\/simon-pagenaud.com\/fr\/wp-json\/wp\/v2\/pages"}],"about":[{"href":"https:\/\/simon-pagenaud.com\/fr\/wp-json\/wp\/v2\/types\/page"}],"author":[{"embeddable":true,"href":"https:\/\/simon-pagenaud.com\/fr\/wp-json\/wp\/v2\/users\/1"}],"replies":[{"embeddable":true,"href":"https:\/\/simon-pagenaud.com\/fr\/wp-json\/wp\/v2\/comments?post=5070"}],"version-history":[{"count":2,"href":"https:\/\/simon-pagenaud.com\/fr\/wp-json\/wp\/v2\/pages\/5070\/revisions"}],"predecessor-version":[{"id":5072,"href":"https:\/\/simon-pagenaud.com\/fr\/wp-json\/wp\/v2\/pages\/5070\/revisions\/5072"}],"wp:attachment":[{"href":"https:\/\/simon-pagenaud.com\/fr\/wp-json\/wp\/v2\/media?parent=5070"}],"curies":[{"name":"wp","href":"https:\/\/api.w.org\/{rel}","templated":true}]}}