{"id":3442,"date":"2021-12-21T14:21:01","date_gmt":"2021-12-21T14:21:01","guid":{"rendered":"https:\/\/simon-pagenaud.com\/actualites\/"},"modified":"2023-01-30T09:45:24","modified_gmt":"2023-01-30T14:45:24","slug":"actualites","status":"publish","type":"page","link":"https:\/\/simon-pagenaud.com\/fr\/actualites\/","title":{"rendered":"Actualit\u00e9s"},"content":{"rendered":"<p>[et_pb_section fb_built=\u00a0\u00bb1&Prime; admin_label=\u00a0\u00bbHeader\u00a0\u00bb _builder_version=\u00a0\u00bb4.16&Prime; use_background_color_gradient=\u00a0\u00bbon\u00a0\u00bb background_color_gradient_stops=\u00a0\u00bbrgba(0,0,0,0) 20%|#000000 100%\u00a0\u00bb background_color_gradient_overlays_image=\u00a0\u00bbon\u00a0\u00bb background_color_gradient_start=\u00a0\u00bbrgba(0,0,0,0)\u00a0\u00bb background_color_gradient_start_position=\u00a0\u00bb20%\u00a0\u00bb background_color_gradient_end=\u00a0\u00bb#000000&Prime; background_image=\u00a0\u00bbhttps:\/\/simon-pagenaud.com\/wp-content\/uploads\/2021\/12\/Simon-Pagenaud-Indy20_edited.jpg\u00a0\u00bb z_index=\u00a0\u00bb1&Prime; locked=\u00a0\u00bboff\u00a0\u00bb global_colors_info=\u00a0\u00bb{}\u00a0\u00bb][et_pb_row column_structure=\u00a0\u00bb3_5,2_5&Prime; _builder_version=\u00a0\u00bb4.19.4&Prime; z_index=\u00a0\u00bb1&Prime; width_tablet=\u00a0\u00bb\u00a0\u00bb width_phone=\u00a0\u00bb\u00a0\u00bb width_last_edited=\u00a0\u00bbon|phone\u00a0\u00bb max_width=\u00a0\u00bb1280px\u00a0\u00bb global_colors_info=\u00a0\u00bb{}\u00a0\u00bb][et_pb_column type=\u00a0\u00bb3_5&Prime; _builder_version=\u00a0\u00bb4.16&Prime; custom_padding=\u00a0\u00bb80px|5%|80px|5%|true|true\u00a0\u00bb custom_padding_tablet=\u00a0\u00bb|40px||40px|true|true\u00a0\u00bb custom_padding_phone=\u00a0\u00bb40px|20px|40px|20px|true|true\u00a0\u00bb custom_padding_last_edited=\u00a0\u00bbon|phone\u00a0\u00bb border_color_all=\u00a0\u00bb#DF2524&Prime; global_colors_info=\u00a0\u00bb{}\u00a0\u00bb][et_pb_text _builder_version=\u00a0\u00bb4.16&Prime; header_font=\u00a0\u00bbRacing Sans One||||||||\u00a0\u00bb header_text_color=\u00a0\u00bb#EEE5E9&Prime; header_font_size=\u00a0\u00bb80px\u00a0\u00bb header_line_height=\u00a0\u00bb1.2em\u00a0\u00bb header_3_font=\u00a0\u00bb|700||on|||||\u00a0\u00bb header_3_text_color=\u00a0\u00bb#DF2524&Prime; header_3_font_size=\u00a0\u00bb14px\u00a0\u00bb header_3_letter_spacing=\u00a0\u00bb2px\u00a0\u00bb header_3_line_height=\u00a0\u00bb1.2em\u00a0\u00bb background_layout=\u00a0\u00bbdark\u00a0\u00bb max_width=\u00a0\u00bb550px\u00a0\u00bb header_font_size_tablet=\u00a0\u00bb80px\u00a0\u00bb header_font_size_phone=\u00a0\u00bb40px\u00a0\u00bb header_font_size_last_edited=\u00a0\u00bbon|phone\u00a0\u00bb global_colors_info=\u00a0\u00bb{}\u00a0\u00bb]<\/p>\n<h1>Actualit\u00e9s<\/h1>\n<p>[\/et_pb_text][\/et_pb_column][et_pb_column type=\u00a0\u00bb2_5&Prime; disabled_on=\u00a0\u00bboff|off|off\u00a0\u00bb _builder_version=\u00a0\u00bb4.19.4&Prime; background_enable_image=\u00a0\u00bboff\u00a0\u00bb transform_scale_tablet=\u00a0\u00bb\u00a0\u00bb transform_scale_phone=\u00a0\u00bb\u00a0\u00bb transform_scale_last_edited=\u00a0\u00bbon|desktop\u00a0\u00bb transform_translate=\u00a0\u00bb0px|300px\u00a0\u00bb transform_translate_tablet=\u00a0\u00bb0px|0px\u00a0\u00bb transform_translate_phone=\u00a0\u00bb\u00a0\u00bb transform_translate_last_edited=\u00a0\u00bbon|desktop\u00a0\u00bb transform_translate_linked=\u00a0\u00bboff\u00a0\u00bb transform_rotate_tablet=\u00a0\u00bb\u00a0\u00bb transform_rotate_phone=\u00a0\u00bb\u00a0\u00bb transform_rotate_last_edited=\u00a0\u00bbon|desktop\u00a0\u00bb transform_skew_tablet=\u00a0\u00bb\u00a0\u00bb transform_skew_phone=\u00a0\u00bb\u00a0\u00bb transform_skew_last_edited=\u00a0\u00bbon|desktop\u00a0\u00bb transform_origin_tablet=\u00a0\u00bb\u00a0\u00bb transform_origin_phone=\u00a0\u00bb\u00a0\u00bb transform_origin_last_edited=\u00a0\u00bbon|desktop\u00a0\u00bb transform_styles_last_edited=\u00a0\u00bbon|desktop\u00a0\u00bb custom_padding=\u00a0\u00bb25px|32px|25px|32px|true|true\u00a0\u00bb custom_padding_tablet=\u00a0\u00bb60px||60px||true|false\u00a0\u00bb custom_padding_phone=\u00a0\u00bb40px|40px|40px|40px|true|true\u00a0\u00bb custom_padding_last_edited=\u00a0\u00bbon|phone\u00a0\u00bb background_last_edited=\u00a0\u00bbon|phone\u00a0\u00bb background_enable_image_phone=\u00a0\u00bboff\u00a0\u00bb transform_styles_tablet=\u00a0\u00bb\u00a0\u00bb transform_styles_phone=\u00a0\u00bb\u00a0\u00bb global_colors_info=\u00a0\u00bb{}\u00a0\u00bb][et_pb_signup provider=\u00a0\u00bbsendinblue\u00a0\u00bb sendinblue_list=\u00a0\u00bbSImon|8&Prime; first_name_field=\u00a0\u00bboff\u00a0\u00bb last_name_field=\u00a0\u00bboff\u00a0\u00bb title=\u00a0\u00bbRejoindre l&rsquo;\u00e9quipe de Simon\u00a0\u00bb description=\u00a0\u00bbSoyez le premier \u00e0 \u00eatre inform\u00e9 de ses derni\u00e8res actus, de ses apparitions et des promotions.\u00a0\u00bb use_spam_service=\u00a0\u00bbon\u00a0\u00bb recaptcha_list=\u00a0\u00bbSP|SP-0&Prime; _builder_version=\u00a0\u00bb4.19.4&Prime; _module_preset=\u00a0\u00bbdefault\u00a0\u00bb form_field_background_color=\u00a0\u00bbRGBA(255,255,255,0)\u00a0\u00bb form_field_text_color=\u00a0\u00bbrgba(255,255,255,0.63)\u00a0\u00bb form_field_custom_margin=\u00a0\u00bb||||false|false\u00a0\u00bb form_field_custom_padding=\u00a0\u00bb||||false|false\u00a0\u00bb header_font=\u00a0\u00bb|600|||||||\u00a0\u00bb header_text_align=\u00a0\u00bbcenter\u00a0\u00bb header_font_size=\u00a0\u00bb27px\u00a0\u00bb body_text_color=\u00a0\u00bb#FFFFFF\u00a0\u00bb background_enable_color=\u00a0\u00bboff\u00a0\u00bb use_background_color=\u00a0\u00bboff\u00a0\u00bb custom_button=\u00a0\u00bbon\u00a0\u00bb button_text_color=\u00a0\u00bb#FFFFFF\u00a0\u00bb button_bg_color=\u00a0\u00bb#000000&Prime; button_border_width=\u00a0\u00bb1px\u00a0\u00bb button_icon=\u00a0\u00bb&#x41;||divi||400&Prime; custom_margin=\u00a0\u00bb||8px|||\u00a0\u00bb hover_enabled=\u00a0\u00bb0&Prime; border_width_all_fields=\u00a0\u00bb2px\u00a0\u00bb border_color_all_fields=\u00a0\u00bb#D3D8DA\u00a0\u00bb global_colors_info=\u00a0\u00bb{}\u00a0\u00bb button_bg_color__hover_enabled=\u00a0\u00bbon|hover\u00a0\u00bb button_bg_color__hover=\u00a0\u00bb#4F575A\u00a0\u00bb button_bg_enable_color__hover=\u00a0\u00bbon\u00a0\u00bb success_message=\u00a0\u00bbVous \u00eates inscrit!\u00a0\u00bb sticky_enabled=\u00a0\u00bb0&Prime;]<\/p>\n<p>[et_pb_signup_custom_field field_id=\u00a0\u00bbDOUBLE_OPT-IN\u00a0\u00bb field_title=\u00a0\u00bbDOUBLE_OPT-IN\u00a0\u00bb _builder_version=\u00a0\u00bb4.19.4&Prime; _module_preset=\u00a0\u00bbdefault\u00a0\u00bb global_colors_info=\u00a0\u00bb{}\u00a0\u00bb predefined_field=\u00a0\u00bbDOUBLE_OPT-IN\u00a0\u00bb][\/et_pb_signup_custom_field]<\/p>\n<p>[\/et_pb_signup][et_pb_text _builder_version=\u00a0\u00bb4.19.4&Prime; _module_preset=\u00a0\u00bbdefault\u00a0\u00bb text_text_color=\u00a0\u00bb#a8a8a8&Prime; text_font_size=\u00a0\u00bb12px\u00a0\u00bb text_line_height=\u00a0\u00bb1.2em\u00a0\u00bb link_font=\u00a0\u00bb||on||||||\u00a0\u00bb link_text_color=\u00a0\u00bb#D3D8DA\u00a0\u00bb global_colors_info=\u00a0\u00bb{}\u00a0\u00bb]<\/p>\n<p>Nous utilisons Sendinblue en tant que plateforme marketing. En soumettant ce formulaire, vous reconnaissez que les informations que vous allez fournir seront transmises \u00e0 Sendinblue en sa qualit\u00e9 de processeur de donn\u00e9es; et ce conform\u00e9ment \u00e0 ses <a href=\"https:\/\/fr.sendinblue.com\/legal\/termsofuse\/\">conditions g\u00e9n\u00e9rales d\u2019utilisation<\/a>.<\/p>\n<p>[\/et_pb_text][\/et_pb_column][\/et_pb_row][\/et_pb_section][et_pb_section fb_built=\u00a0\u00bb1&Prime; custom_padding_last_edited=\u00a0\u00bbon|tablet\u00a0\u00bb admin_label=\u00a0\u00bbPosts\u00a0\u00bb _builder_version=\u00a0\u00bb4.16&Prime; background_color=\u00a0\u00bb#000000&Prime; custom_padding=\u00a0\u00bb300px||||false|false\u00a0\u00bb custom_padding_tablet=\u00a0\u00bb0px||||false|false\u00a0\u00bb custom_padding_phone=\u00a0\u00bb\u00a0\u00bb locked=\u00a0\u00bboff\u00a0\u00bb global_colors_info=\u00a0\u00bb{}\u00a0\u00bb][et_pb_row use_custom_gutter=\u00a0\u00bbon\u00a0\u00bb gutter_width=\u00a0\u00bb2&Prime; _builder_version=\u00a0\u00bb4.16&Prime; global_colors_info=\u00a0\u00bb{}\u00a0\u00bb][et_pb_column type=\u00a0\u00bb4_4&Prime; _builder_version=\u00a0\u00bb4.16&Prime; global_colors_info=\u00a0\u00bb{}\u00a0\u00bb]<\/p>\n<p>[et_pb_blog fullwidth=\u00a0\u00bboff\u00a0\u00bb posts_number=\u00a0\u00bb9&Prime; include_categories=\u00a0\u00bb73&Prime; use_manual_excerpt=\u00a0\u00bboff\u00a0\u00bb excerpt_length=\u00a0\u00bb100&Prime; show_author=\u00a0\u00bboff\u00a0\u00bb use_overlay=\u00a0\u00bbon\u00a0\u00bb overlay_icon_color=\u00a0\u00bb#DF2524&Prime; hover_overlay_color=\u00a0\u00bbrgba(223,37,36,0.34)\u00a0\u00bb masonry_tile_background_color=\u00a0\u00bb#33383A\u00a0\u00bb module_class=\u00a0\u00bbblog-eng\u00a0\u00bb _builder_version=\u00a0\u00bb4.16&Prime; header_text_color=\u00a0\u00bb#D3D8DA\u00a0\u00bb header_line_height=\u00a0\u00bb1.2em\u00a0\u00bb body_text_color=\u00a0\u00bb#FFFFFF\u00a0\u00bb meta_text_color=\u00a0\u00bb#D3D8DA\u00a0\u00bb pagination_font_size=\u00a0\u00bb19px\u00a0\u00bb pagination_letter_spacing=\u00a0\u00bb1px\u00a0\u00bb background_enable_color=\u00a0\u00bboff\u00a0\u00bb custom_margin=\u00a0\u00bb||||false|false\u00a0\u00bb custom_padding=\u00a0\u00bb||||false|false\u00a0\u00bb border_width_all=\u00a0\u00bb0px\u00a0\u00bb border_radii_image=\u00a0\u00bboff|10px|10px||\u00a0\u00bb border_color_all_image=\u00a0\u00bb#DF2524&Prime; global_colors_info=\u00a0\u00bb{}\u00a0\u00bb][\/et_pb_blog]<\/p>\n<p>[\/et_pb_column][\/et_pb_row][et_pb_row _builder_version=\u00a0\u00bb4.16&Prime; _module_preset=\u00a0\u00bbdefault\u00a0\u00bb global_colors_info=\u00a0\u00bb{}\u00a0\u00bb][et_pb_column type=\u00a0\u00bb4_4&Prime; _builder_version=\u00a0\u00bb4.16&Prime; _module_preset=\u00a0\u00bbdefault\u00a0\u00bb global_colors_info=\u00a0\u00bb{}\u00a0\u00bb][et_pb_code _builder_version=\u00a0\u00bb4.16&Prime; _module_preset=\u00a0\u00bbdefault\u00a0\u00bb global_colors_info=\u00a0\u00bb{}\u00a0\u00bb]<pee>\n<style><!-- [et_pb_line_break_holder] -->\/*texte pagination*\/<!-- [et_pb_line_break_holder] --><!-- [et_pb_line_break_holder] -->.et_pb_blog_grid .pagination > .alignleft a:before {<!-- [et_pb_line_break_holder] -->    content: '<< Previous News';<!-- [et_pb_line_break_holder] -->    visibility: visible;<!-- [et_pb_line_break_holder] -->}<!-- [et_pb_line_break_holder] -->.et_pb_blog_grid .pagination > .alignleft a {<!-- [et_pb_line_break_holder] -->    visibility: collapse;<!-- [et_pb_line_break_holder] -->}<!-- [et_pb_line_break_holder] -->.et_pb_blog_grid .pagination > .alignright a:before {<!-- [et_pb_line_break_holder] -->    content: 'Next News >>';<!-- [et_pb_line_break_holder] -->    visibility: visible;<!-- [et_pb_line_break_holder] -->}<!-- [et_pb_line_break_holder] -->.et_pb_blog_grid .pagination > .alignright a {<!-- [et_pb_line_break_holder] -->    visibility: collapse;<!-- [et_pb_line_break_holder] -->}<!-- [et_pb_line_break_holder] --><!-- [et_pb_line_break_holder] --><\/style>\n<\/pee>[\/et_pb_code][\/et_pb_column][\/et_pb_row][\/et_pb_section]<\/p>\n","protected":false},"excerpt":{"rendered":"<p>Actualit\u00e9sNous utilisons Sendinblue en tant que plateforme marketing. En soumettant ce formulaire, vous reconnaissez que les informations que vous allez fournir seront transmises \u00e0 Sendinblue en sa qualit\u00e9 de processeur de donn\u00e9es; et ce conform\u00e9ment \u00e0 ses conditions g\u00e9n\u00e9rales d\u2019utilisation.<\/p>\n","protected":false},"author":1,"featured_media":0,"parent":0,"menu_order":0,"comment_status":"closed","ping_status":"closed","template":"","meta":{"_et_pb_use_builder":"on","_et_pb_old_content":"","_et_gb_content_width":"","footnotes":""},"class_list":["post-3442","page","type-page","status-publish","hentry"],"_links":{"self":[{"href":"https:\/\/simon-pagenaud.com\/fr\/wp-json\/wp\/v2\/pages\/3442","targetHints":{"allow":["GET"]}}],"collection":[{"href":"https:\/\/simon-pagenaud.com\/fr\/wp-json\/wp\/v2\/pages"}],"about":[{"href":"https:\/\/simon-pagenaud.com\/fr\/wp-json\/wp\/v2\/types\/page"}],"author":[{"embeddable":true,"href":"https:\/\/simon-pagenaud.com\/fr\/wp-json\/wp\/v2\/users\/1"}],"replies":[{"embeddable":true,"href":"https:\/\/simon-pagenaud.com\/fr\/wp-json\/wp\/v2\/comments?post=3442"}],"version-history":[{"count":28,"href":"https:\/\/simon-pagenaud.com\/fr\/wp-json\/wp\/v2\/pages\/3442\/revisions"}],"predecessor-version":[{"id":5156,"href":"https:\/\/simon-pagenaud.com\/fr\/wp-json\/wp\/v2\/pages\/3442\/revisions\/5156"}],"wp:attachment":[{"href":"https:\/\/simon-pagenaud.com\/fr\/wp-json\/wp\/v2\/media?parent=3442"}],"curies":[{"name":"wp","href":"https:\/\/api.w.org\/{rel}","templated":true}]}}